{"id":195917,"date":"2024-03-04T15:34:53","date_gmt":"2024-03-04T15:34:53","guid":{"rendered":"https:\/\/maisonpinata.com\/?page_id=195917"},"modified":"2024-09-21T20:13:07","modified_gmt":"2024-09-21T18:13:07","slug":"terminos-y-condiciones","status":"publish","type":"page","link":"https:\/\/maisonpinata.com\/es\/terminos-y-condiciones\/","title":{"rendered":"T\u00e9rminos y condiciones"},"content":{"rendered":"<div data-elementor-type=\"wp-page\" data-elementor-id=\"195917\" class=\"elementor elementor-195917\" data-elementor-post-type=\"page\">\n\t\t\t\t\t\t<section class=\"elementor-section elementor-top-section elementor-element elementor-element-b26e8ce elementor-section-height-min-height elementor-section-boxed elementor-section-height-default elementor-section-items-middle\" data-id=\"b26e8ce\" data-element_type=\"section\" data-settings=\"{&quot;jet_parallax_layout_list&quot;:[],&quot;background_background&quot;:&quot;classic&quot;}\">\n\t\t\t\t\t\t\t<div class=\"elementor-background-overlay\"><\/div>\n\t\t\t\t\t\t\t<div class=\"elementor-container elementor-column-gap-default\">\n\t\t\t\t\t<div class=\"elementor-column elementor-col-100 elementor-top-column elementor-element elementor-element-b4c7a06\" data-id=\"b4c7a06\" data-element_type=\"column\">\n\t\t\t<div class=\"elementor-widget-wrap elementor-element-populated\">\n\t\t\t\t\t\t<section class=\"elementor-section elementor-inner-section elementor-element elementor-element-c01f798 elementor-section-boxed elementor-section-height-default elementor-section-height-default\" data-id=\"c01f798\" data-element_type=\"section\" data-settings=\"{&quot;jet_parallax_layout_list&quot;:[]}\">\n\t\t\t\t\t\t<div class=\"elementor-container elementor-column-gap-no\">\n\t\t\t\t\t<div class=\"elementor-column elementor-col-100 elementor-inner-column elementor-element elementor-element-2bcdf6b\" data-id=\"2bcdf6b\" data-element_type=\"column\">\n\t\t\t<div class=\"elementor-widget-wrap elementor-element-populated\">\n\t\t\t\t\t\t<div class=\"elementor-element elementor-element-4a8fb34 elementor-widget elementor-widget-heading\" data-id=\"4a8fb34\" data-element_type=\"widget\" data-widget_type=\"heading.default\">\n\t\t\t\t\t<h1 class=\"elementor-heading-title elementor-size-default\">T\u00e9rminos y condiciones<\/h1>\t\t\t\t<\/div>\n\t\t\t\t\t<\/div>\n\t\t<\/div>\n\t\t\t\t\t<\/div>\n\t\t<\/section>\n\t\t\t\t\t<\/div>\n\t\t<\/div>\n\t\t\t\t\t<\/div>\n\t\t<\/section>\n\t\t\t\t<section class=\"elementor-section elementor-top-section elementor-element elementor-element-6ede14f elementor-section-boxed elementor-section-height-default elementor-section-height-default\" data-id=\"6ede14f\" data-element_type=\"section\" data-settings=\"{&quot;jet_parallax_layout_list&quot;:[]}\">\n\t\t\t\t\t\t<div class=\"elementor-container elementor-column-gap-default\">\n\t\t\t\t\t<div class=\"elementor-column elementor-col-100 elementor-top-column elementor-element elementor-element-4260a6e\" data-id=\"4260a6e\" data-element_type=\"column\">\n\t\t\t<div class=\"elementor-widget-wrap elementor-element-populated\">\n\t\t\t\t\t\t<div class=\"elementor-element elementor-element-6ceb608 elementor-widget elementor-widget-text-editor\" data-id=\"6ceb608\" data-element_type=\"widget\" data-widget_type=\"text-editor.default\">\n\t\t\t\t\t\t\t\t\t<p>Estos t\u00e9rminos y condiciones (\u201cT\u00e9rminos\u201d) rigen el contrato de alquiler a corto plazo entre el propietario\/administrador (\u201cPropietario\/Administrador\u201d) y el inquilino\/invitado (\u201cInvitado\u201d) de la propiedad ubicada en <strong>C\/ Muntaner 248, 1-1, 08021, Barcelona, Espa\u00f1a<\/strong>.<\/p>\n<p><strong>1. Reserva y Pago:<\/strong><\/p>\n<ul>\n<li>Las reservas se confirman al recibir el dep\u00f3sito 50% del importe total del alquiler.<\/li>\n<li>El saldo restante deber\u00e1 pagarse 3 d\u00edas antes de la llegada.<\/li>\n<li>Los m\u00e9todos de pago aceptados incluyen efectivo y tarjetas.<\/li>\n<\/ul>\n<p><strong>2. Dep\u00f3sito de Seguridad \/ Protecci\u00f3n contra Da\u00f1os:<\/strong><\/p>\n<ul>\n<li>Es posible que se requiera un dep\u00f3sito de seguridad o una tarifa de protecci\u00f3n contra da\u00f1os al realizar la reserva para cubrir cualquier da\u00f1o o limpieza adicional requerida despu\u00e9s de la estad\u00eda.<\/li>\n<li>El dep\u00f3sito se reembolsar\u00e1 dentro de las 24 horas posteriores al check-out, menos cualquier deducci\u00f3n por da\u00f1os o exceso de limpieza.<\/li>\n<\/ul>\n<p><strong>3. Check-in y Check-out:<\/strong><\/p>\n<ul>\n<li>El horario de check-in es a las 14:00 horas del d\u00eda de llegada.<\/li>\n<li>La hora de salida es a las 12:00 horas del d\u00eda de salida.<\/li>\n<li>El check-in anticipado o el check-out tard\u00edo se pueden realizar previa solicitud y sujeto a disponibilidad.<\/li>\n<\/ul>\n<p><strong>4. Ocupaci\u00f3n y Uso de la Propiedad:<\/strong><\/p>\n<ul>\n<li>La propiedad de alquiler es \u00fanicamente para fines residenciales y no deber\u00e1 utilizarse para fiestas, eventos o actividades ilegales.<\/li>\n<li>La ocupaci\u00f3n m\u00e1xima est\u00e1 limitada a 2 hu\u00e9spedes a menos que se acuerde lo contrario por escrito.<\/li>\n<\/ul>\n<p><strong>5. Reglas de la casa:<\/strong><\/p>\n<ul>\n<li>Los hu\u00e9spedes aceptan cumplir con todas las reglas de la casa publicadas en la propiedad o comunicadas por el propietario\/administrador.<\/li>\n<li>Las reglas suelen incluir restricciones sobre fumar, mascotas, niveles de ruido y uso de servicios.<\/li>\n<\/ul>\n<p><strong>6. Pol\u00edtica de Cancelaci\u00f3n:<\/strong><\/p>\n<ul>\n<li>Las cancelaciones realizadas 10 d\u00edas o m\u00e1s antes de la llegada recibir\u00e1n un reembolso 90%.<\/li>\n<li>Las cancelaciones realizadas dentro de los 2 d\u00edas anteriores a la llegada no son reembolsables.<\/li>\n<\/ul>\n<p><strong>7. Mantenimiento y Responsabilidades:<\/strong><\/p>\n<ul>\n<li>Los hu\u00e9spedes son responsables de mantener la propiedad en buenas condiciones durante su estad\u00eda e informar de inmediato cualquier problema de mantenimiento al propietario\/administrador.<\/li>\n<li>El Hu\u00e9sped podr\u00e1 realizar reparaciones menores con aprobaci\u00f3n previa.<\/li>\n<\/ul>\n<p><strong>8. Utilidades y Servicios:<\/strong><\/p>\n<ul>\n<li>La tarifa de alquiler incluye [Lista de Utilidades o Servicios Incluidos].<\/li>\n<li>Es posible que se apliquen cargos adicionales por el uso excesivo de servicios p\u00fablicos o servicios m\u00e1s all\u00e1 del uso normal.<\/li>\n<\/ul>\n<p><strong>9. Responsabilidad y Seguros:<\/strong><\/p>\n<ul>\n<li>El Propietario\/Gerente no es responsable de ning\u00fan accidente, lesi\u00f3n o p\u00e9rdida de pertenencias personales durante la estad\u00eda.<\/li>\n<li>Se recomienda a los hu\u00e9spedes que obtengan un seguro de viaje que cubra la propiedad personal y la responsabilidad.<\/li>\n<\/ul>\n<p><strong>10. Ley aplicable:<\/strong><\/p>\n<ul>\n<li>Estos T\u00e9rminos se regir\u00e1n e interpretar\u00e1n de conformidad con las leyes de Barcelona, Espa\u00f1a.<\/li>\n<\/ul>\n<p><strong>11. Varios:<\/strong><\/p>\n<ul>\n<li>Las enmiendas o modificaciones a estos T\u00e9rminos deben realizarse por escrito y firmadas por ambas partes.<\/li>\n<li>Si alguna disposici\u00f3n de estos T\u00e9rminos se considera inv\u00e1lida o inaplicable, las disposiciones restantes seguir\u00e1n siendo v\u00e1lidas y ejecutables.<\/li>\n<\/ul>\n<p><strong>12. Informaci\u00f3n de contacto:<\/strong><\/p>\n<ul>\n<li>Para consultas o comunicaciones sobre este contrato de alquiler, por favor&nbsp;<a href=\"https:\/\/maisonpinata.com\/es\/contacto\/\" target=\"_blank\">Cont\u00e1ctenos<\/a>.<\/li>\n<\/ul>\t\t\t\t\t\t\t\t<\/div>\n\t\t\t\t\t<\/div>\n\t\t<\/div>\n\t\t\t\t\t<\/div>\n\t\t<\/section>\n\t\t\t\t<\/div>","protected":false},"excerpt":{"rendered":"<p>Estos t\u00e9rminos y condiciones (\u201cT\u00e9rminos\u201d) rigen el contrato de alquiler a corto plazo entre el propietario\/administrador de la propiedad (\u201cPropietario\/Administrador\u201d) y el inquilino\/hu\u00e9sped (\u201cHu\u00e9sped\u201d) para la propiedad ubicada en C\/ Muntaner 248, 1-1, 08021, Barcelona, Espa\u00f1a. 1. Reserva y pago: Las reservas se confirman al recibir el dep\u00f3sito 50% del total de la tarifa de alquiler. El saldo restante debe abonarse 3 d\u00edas antes [\u2026]<\/p>","protected":false},"author":2,"featured_media":0,"parent":0,"menu_order":0,"comment_status":"closed","ping_status":"closed","template":"","meta":{"_acf_changed":false,"footnotes":""},"class_list":["post-195917","page","type-page","status-publish","hentry"],"acf":[],"_links":{"self":[{"href":"https:\/\/maisonpinata.com\/es\/wp-json\/wp\/v2\/pages\/195917","targetHints":{"allow":["GET"]}}],"collection":[{"href":"https:\/\/maisonpinata.com\/es\/wp-json\/wp\/v2\/pages"}],"about":[{"href":"https:\/\/maisonpinata.com\/es\/wp-json\/wp\/v2\/types\/page"}],"author":[{"embeddable":true,"href":"https:\/\/maisonpinata.com\/es\/wp-json\/wp\/v2\/users\/2"}],"replies":[{"embeddable":true,"href":"https:\/\/maisonpinata.com\/es\/wp-json\/wp\/v2\/comments?post=195917"}],"version-history":[{"count":1,"href":"https:\/\/maisonpinata.com\/es\/wp-json\/wp\/v2\/pages\/195917\/revisions"}],"predecessor-version":[{"id":199110,"href":"https:\/\/maisonpinata.com\/es\/wp-json\/wp\/v2\/pages\/195917\/revisions\/199110"}],"wp:attachment":[{"href":"https:\/\/maisonpinata.com\/es\/wp-json\/wp\/v2\/media?parent=195917"}],"curies":[{"name":"wp","href":"https:\/\/api.w.org\/{rel}","templated":true}]}}