{"id":195917,"date":"2024-03-04T15:34:53","date_gmt":"2024-03-04T15:34:53","guid":{"rendered":"https:\/\/maisonpinata.com\/?page_id=195917"},"modified":"2024-09-21T20:13:07","modified_gmt":"2024-09-21T18:13:07","slug":"termes-et-conditions","status":"publish","type":"page","link":"https:\/\/maisonpinata.com\/fr\/termes-et-conditions\/","title":{"rendered":"Termes et conditions"},"content":{"rendered":"<div data-elementor-type=\"wp-page\" data-elementor-id=\"195917\" class=\"elementor elementor-195917\" data-elementor-post-type=\"page\">\n\t\t\t\t\t\t<section class=\"elementor-section elementor-top-section elementor-element elementor-element-b26e8ce elementor-section-height-min-height elementor-section-boxed elementor-section-height-default elementor-section-items-middle\" data-id=\"b26e8ce\" data-element_type=\"section\" data-settings=\"{&quot;jet_parallax_layout_list&quot;:[],&quot;background_background&quot;:&quot;classic&quot;}\">\n\t\t\t\t\t\t\t<div class=\"elementor-background-overlay\"><\/div>\n\t\t\t\t\t\t\t<div class=\"elementor-container elementor-column-gap-default\">\n\t\t\t\t\t<div class=\"elementor-column elementor-col-100 elementor-top-column elementor-element elementor-element-b4c7a06\" data-id=\"b4c7a06\" data-element_type=\"column\">\n\t\t\t<div class=\"elementor-widget-wrap elementor-element-populated\">\n\t\t\t\t\t\t<section class=\"elementor-section elementor-inner-section elementor-element elementor-element-c01f798 elementor-section-boxed elementor-section-height-default elementor-section-height-default\" data-id=\"c01f798\" data-element_type=\"section\" data-settings=\"{&quot;jet_parallax_layout_list&quot;:[]}\">\n\t\t\t\t\t\t<div class=\"elementor-container elementor-column-gap-no\">\n\t\t\t\t\t<div class=\"elementor-column elementor-col-100 elementor-inner-column elementor-element elementor-element-2bcdf6b\" data-id=\"2bcdf6b\" data-element_type=\"column\">\n\t\t\t<div class=\"elementor-widget-wrap elementor-element-populated\">\n\t\t\t\t\t\t<div class=\"elementor-element elementor-element-4a8fb34 elementor-widget elementor-widget-heading\" data-id=\"4a8fb34\" data-element_type=\"widget\" data-widget_type=\"heading.default\">\n\t\t\t\t\t<h1 class=\"elementor-heading-title elementor-size-default\">Termes et conditions<\/h1>\t\t\t\t<\/div>\n\t\t\t\t\t<\/div>\n\t\t<\/div>\n\t\t\t\t\t<\/div>\n\t\t<\/section>\n\t\t\t\t\t<\/div>\n\t\t<\/div>\n\t\t\t\t\t<\/div>\n\t\t<\/section>\n\t\t\t\t<section class=\"elementor-section elementor-top-section elementor-element elementor-element-6ede14f elementor-section-boxed elementor-section-height-default elementor-section-height-default\" data-id=\"6ede14f\" data-element_type=\"section\" data-settings=\"{&quot;jet_parallax_layout_list&quot;:[]}\">\n\t\t\t\t\t\t<div class=\"elementor-container elementor-column-gap-default\">\n\t\t\t\t\t<div class=\"elementor-column elementor-col-100 elementor-top-column elementor-element elementor-element-4260a6e\" data-id=\"4260a6e\" data-element_type=\"column\">\n\t\t\t<div class=\"elementor-widget-wrap elementor-element-populated\">\n\t\t\t\t\t\t<div class=\"elementor-element elementor-element-6ceb608 elementor-widget elementor-widget-text-editor\" data-id=\"6ceb608\" data-element_type=\"widget\" data-widget_type=\"text-editor.default\">\n\t\t\t\t\t\t\t\t\t<p>Ces termes et conditions (\u00ab Conditions \u00bb) r\u00e9gissent le contrat de location \u00e0 court terme entre le propri\u00e9taire\/gestionnaire (\u00ab Propri\u00e9taire\/G\u00e9rant \u00bb) et le locataire\/invit\u00e9 (\u00ab Invit\u00e9 \u00bb) pour la propri\u00e9t\u00e9 situ\u00e9e \u00e0 <strong>C\/ Muntaner 248, 1-1, 08021, Barcelone, Espagne<\/strong>.<\/p>\n<p><strong>1. R\u00e9servation et paiement\u00a0:<\/strong><\/p>\n<ul>\n<li>Les r\u00e9servations sont confirm\u00e9es \u00e0 r\u00e9ception de l&#039;acompte 50% du montant total de la location.<\/li>\n<li>Le solde restant est d\u00fb 3 jours avant la date d&#039;arriv\u00e9e.<\/li>\n<li>Les modes de paiement accept\u00e9s incluent les esp\u00e8ces et les cartes.<\/li>\n<\/ul>\n<p><strong>2. D\u00e9p\u00f4t de garantie \/ Protection contre les dommages\u00a0:<\/strong><\/p>\n<ul>\n<li>Un d\u00e9p\u00f4t de garantie ou des frais de protection contre les dommages peuvent \u00eatre exig\u00e9s lors de la r\u00e9servation pour couvrir tout dommage ou nettoyage suppl\u00e9mentaire requis apr\u00e8s le s\u00e9jour.<\/li>\n<li>Le d\u00e9p\u00f4t de garantie sera rembours\u00e9 dans les 24 heures suivant le d\u00e9part, moins toute d\u00e9duction pour dommages ou nettoyage excessif.<\/li>\n<\/ul>\n<p><strong>3. Arriv\u00e9e et d\u00e9part\u00a0:<\/strong><\/p>\n<ul>\n<li>L&#039;heure d&#039;enregistrement est \u00e0 14h00 le jour de l&#039;arriv\u00e9e.<\/li>\n<li>L\u2019heure de d\u00e9part est \u00e0 12h00 le jour du d\u00e9part.<\/li>\n<li>L&#039;enregistrement anticip\u00e9 ou le d\u00e9part tardif peuvent \u00eatre effectu\u00e9s sur demande et sous r\u00e9serve de disponibilit\u00e9.<\/li>\n<\/ul>\n<p><strong>4. Occupation et utilisation de la propri\u00e9t\u00e9\u00a0:<\/strong><\/p>\n<ul>\n<li>La propri\u00e9t\u00e9 en location est uniquement \u00e0 des fins r\u00e9sidentielles et ne doit pas \u00eatre utilis\u00e9e pour des f\u00eates, des \u00e9v\u00e9nements ou des activit\u00e9s ill\u00e9gales.<\/li>\n<li>L&#039;occupation maximale est limit\u00e9e \u00e0 2 personnes, sauf accord \u00e9crit contraire.<\/li>\n<\/ul>\n<p><strong>5. R\u00e8glement int\u00e9rieur\u00a0:<\/strong><\/p>\n<ul>\n<li>Les clients s&#039;engagent \u00e0 respecter toutes les r\u00e8gles de la maison affich\u00e9es dans la propri\u00e9t\u00e9 ou communiqu\u00e9es par le propri\u00e9taire\/gestionnaire.<\/li>\n<li>Les r\u00e8gles incluent g\u00e9n\u00e9ralement des restrictions sur le tabagisme, les animaux domestiques, les niveaux de bruit et l&#039;utilisation des commodit\u00e9s.<\/li>\n<\/ul>\n<p><strong>6. Politique d&#039;annulation\u00a0:<\/strong><\/p>\n<ul>\n<li>Les annulations effectu\u00e9es 10 jours ou plus avant l&#039;arriv\u00e9e recevront un remboursement 90%.<\/li>\n<li>Les annulations effectu\u00e9es dans les 2 jours pr\u00e9c\u00e9dant l&#039;arriv\u00e9e ne sont pas remboursables.<\/li>\n<\/ul>\n<p><strong>7. Entretien et responsabilit\u00e9s\u00a0:<\/strong><\/p>\n<ul>\n<li>Les clients sont responsables de maintenir la propri\u00e9t\u00e9 en bon \u00e9tat pendant leur s\u00e9jour et de signaler rapidement tout probl\u00e8me d&#039;entretien au propri\u00e9taire\/gestionnaire.<\/li>\n<li>Des r\u00e9parations mineures peuvent \u00eatre effectu\u00e9es par le client avec approbation pr\u00e9alable.<\/li>\n<\/ul>\n<p><strong>8. Utilitaires et services\u00a0:<\/strong><\/p>\n<ul>\n<li>Le tarif de location comprend [Liste des utilitaires ou services inclus].<\/li>\n<li>Des frais suppl\u00e9mentaires peuvent s&#039;appliquer en cas d&#039;utilisation excessive des services publics ou des services au-del\u00e0 de l&#039;utilisation normale.<\/li>\n<\/ul>\n<p><strong>9. Responsabilit\u00e9 et assurance\u00a0:<\/strong><\/p>\n<ul>\n<li>Le propri\u00e9taire\/gestionnaire n&#039;est pas responsable des accidents, blessures ou pertes d&#039;effets personnels pendant le s\u00e9jour.<\/li>\n<li>Les clients sont encourag\u00e9s \u00e0 souscrire une assurance voyage pour couvrir leurs biens personnels et leur responsabilit\u00e9.<\/li>\n<\/ul>\n<p><strong>10. Loi applicable\u00a0:<\/strong><\/p>\n<ul>\n<li>Ces conditions seront r\u00e9gies et interpr\u00e9t\u00e9es conform\u00e9ment aux lois de Barcelone, en Espagne.<\/li>\n<\/ul>\n<p><strong>11. Divers :<\/strong><\/p>\n<ul>\n<li>Les amendements ou modifications de ces Conditions doivent \u00eatre faits par \u00e9crit et sign\u00e9s par les deux parties.<\/li>\n<li>Si une disposition des pr\u00e9sentes Conditions s\u2019av\u00e8re invalide ou inapplicable, les dispositions restantes continueront d\u2019\u00eatre valides et applicables.<\/li>\n<\/ul>\n<p><strong>12. Coordonn\u00e9es\u00a0:<\/strong><\/p>\n<ul>\n<li>Pour toute demande de renseignements ou communication concernant ce contrat de location, veuillez&nbsp;<a href=\"https:\/\/maisonpinata.com\/fr\/contact-2\/\" target=\"_blank\">Contactez-nous<\/a>.<\/li>\n<\/ul>\t\t\t\t\t\t\t\t<\/div>\n\t\t\t\t\t<\/div>\n\t\t<\/div>\n\t\t\t\t\t<\/div>\n\t\t<\/section>\n\t\t\t\t<\/div>","protected":false},"excerpt":{"rendered":"<p>Ces termes et conditions (\u00ab Conditions \u00bb) r\u00e9gissent le contrat de location \u00e0 court terme entre le propri\u00e9taire\/gestionnaire du bien (\u00ab Propri\u00e9taire\/Gestionnaire \u00bb) et le locataire\/invit\u00e9 (\u00ab Invit\u00e9 \u00bb) pour la propri\u00e9t\u00e9 situ\u00e9e \u00e0 C\/ Muntaner 248, 1-1, 08021, Barcelone, Espagne. 1. R\u00e9servation et paiement : Les r\u00e9servations sont confirm\u00e9es \u00e0 r\u00e9ception de l&#039;acompte 50% du montant total de la location. Le solde restant est d\u00fb 3 jours avant [\u2026]<\/p>","protected":false},"author":2,"featured_media":0,"parent":0,"menu_order":0,"comment_status":"closed","ping_status":"closed","template":"","meta":{"_acf_changed":false,"footnotes":""},"class_list":["post-195917","page","type-page","status-publish","hentry"],"acf":[],"_links":{"self":[{"href":"https:\/\/maisonpinata.com\/fr\/wp-json\/wp\/v2\/pages\/195917","targetHints":{"allow":["GET"]}}],"collection":[{"href":"https:\/\/maisonpinata.com\/fr\/wp-json\/wp\/v2\/pages"}],"about":[{"href":"https:\/\/maisonpinata.com\/fr\/wp-json\/wp\/v2\/types\/page"}],"author":[{"embeddable":true,"href":"https:\/\/maisonpinata.com\/fr\/wp-json\/wp\/v2\/users\/2"}],"replies":[{"embeddable":true,"href":"https:\/\/maisonpinata.com\/fr\/wp-json\/wp\/v2\/comments?post=195917"}],"version-history":[{"count":1,"href":"https:\/\/maisonpinata.com\/fr\/wp-json\/wp\/v2\/pages\/195917\/revisions"}],"predecessor-version":[{"id":199110,"href":"https:\/\/maisonpinata.com\/fr\/wp-json\/wp\/v2\/pages\/195917\/revisions\/199110"}],"wp:attachment":[{"href":"https:\/\/maisonpinata.com\/fr\/wp-json\/wp\/v2\/media?parent=195917"}],"curies":[{"name":"wp","href":"https:\/\/api.w.org\/{rel}","templated":true}]}}